{"id":22169,"date":"2025-08-19T22:51:18","date_gmt":"2025-08-19T20:51:18","guid":{"rendered":"https:\/\/wp.amber.com.pl\/?page_id=22169"},"modified":"2026-03-26T13:39:01","modified_gmt":"2026-03-26T12:39:01","slug":"wspolpraca","status":"publish","type":"page","link":"https:\/\/amber.com.pl\/en\/wspolpraca\/","title":{"rendered":"Cooperation"},"content":{"rendered":"<p>Z pasj\u0105 promujemy z\u0142oto Ba\u0142tyku \u2013 pokazujemy jego pi\u0119kno, opowiadamy o ludziach, kt\u00f3rzy z nim pracuj\u0105, i informujemy o wydarzeniach mu po\u015bwi\u0119conych. Na \u0142amach portalu prezentujemy najnowsze kolekcje bursztynowe, sylwetki polskich i zagranicznych tw\u00f3rc\u00f3w oraz inspiruj\u0105ce przyk\u0142ady wsp\u00f3\u0142czesnego designu. \u0141\u0105czy nas jedno: zachwyt nad niezwyk\u0142ym urokiem tego wyj\u0105tkowego kamienia. <\/p>\n\n\n\n<p>Do tego zadania podchodzimy z pe\u0142n\u0105 odpowiedzialno\u015bci\u0105. Od blisko dw\u00f3ch dekad dbamy o rzetelno\u015b\u0107 i wysoki poziom merytoryczny naszych publikacji. W \u015bwiecie, w kt\u00f3rym bursztyn obros\u0142y liczne mity i niesprawdzone informacje, my stawiamy na fakty. Wspieraj\u0105 nas w tym eksperci \u2013 naukowcy, muzealnicy, przedstawiciele instytucji, organizacji i \u015brodowiska bursztynniczego, kt\u00f3rym z tego miejsca serdecznie dzi\u0119kujemy. <\/p>\n\n\n\n<p>Ch\u0119tnie dzielimy si\u0119 nasz\u0105 wiedz\u0105 i do\u015bwiadczeniem \u2013 jednak zawsze z poszanowaniem praw autorskich i zasad etyki dziennikarskiej. Je\u015bli chcesz wykorzysta\u0107 nasze materia\u0142y lub wsp\u00f3lnie promowa\u0107 bursztyn, <a href=\"https:\/\/amber.com.pl\/en\/contact\/\" title=\"Contact\">napisz do nas<\/a><strong> <\/strong>\u2013 z przyjemno\u015bci\u0105 znajdziemy najlepszy spos\u00f3b wsp\u00f3\u0142pracy. <\/p>\n\n\n\n<p>Jeste\u015bmy tak\u017ce otwarci na <strong>propozycje temat\u00f3w i wsp\u00f3\u0142autorskie publikacje<\/strong>. Je\u015bli przygotowa\u0142e\u015b now\u0105 kolekcj\u0119, organizujesz wystaw\u0119, prowadzisz projekt artystyczny lub naukowy zwi\u0105zany z bursztynem \u2013 <a href=\"https:\/\/amber.com.pl\/en\/contact\/\" title=\"Contact\">podziel si\u0119 z nami t\u0105 informacj\u0105<\/a>. My z rado\u015bci\u0105 pomo\u017cemy j\u0105 nag\u0142o\u015bni\u0107 i pokaza\u0107 \u015bwiatu!<\/p>","protected":false},"excerpt":{"rendered":"<p>Z pasj\u0105 promujemy z\u0142oto Ba\u0142tyku \u2013 pokazujemy jego pi\u0119kno, opowiadamy o ludziach, kt\u00f3rzy z nim pracuj\u0105, i informujemy o wydarzeniach mu po\u015bwi\u0119conych. Na \u0142amach portalu prezentujemy najnowsze kolekcje bursztynowe, sylwetki polskich i zagranicznych tw\u00f3rc\u00f3w oraz inspiruj\u0105ce przyk\u0142ady wsp\u00f3\u0142czesnego designu. \u0141\u0105czy nas jedno: zachwyt nad niezwyk\u0142ym urokiem tego wyj\u0105tkowego kamienia. Do tego zadania podchodzimy z pe\u0142n\u0105 [&hellip;]<\/p>\n","protected":false},"author":1,"featured_media":26762,"parent":0,"menu_order":0,"comment_status":"closed","ping_status":"closed","template":"","meta":{"_acf_changed":false,"slim_seo":{"title":"Wsp\u00f3\u0142praca - Amber Portal","description":""},"footnotes":""},"class_list":["post-22169","page","type-page","status-publish","has-post-thumbnail","hentry"],"acf":[],"_links":{"self":[{"href":"https:\/\/amber.com.pl\/en\/wp-json\/wp\/v2\/pages\/22169","targetHints":{"allow":["GET"]}}],"collection":[{"href":"https:\/\/amber.com.pl\/en\/wp-json\/wp\/v2\/pages"}],"about":[{"href":"https:\/\/amber.com.pl\/en\/wp-json\/wp\/v2\/types\/page"}],"author":[{"embeddable":true,"href":"https:\/\/amber.com.pl\/en\/wp-json\/wp\/v2\/users\/1"}],"replies":[{"embeddable":true,"href":"https:\/\/amber.com.pl\/en\/wp-json\/wp\/v2\/comments?post=22169"}],"version-history":[{"count":0,"href":"https:\/\/amber.com.pl\/en\/wp-json\/wp\/v2\/pages\/22169\/revisions"}],"wp:featuredmedia":[{"embeddable":true,"href":"https:\/\/amber.com.pl\/en\/wp-json\/wp\/v2\/media\/26762"}],"wp:attachment":[{"href":"https:\/\/amber.com.pl\/en\/wp-json\/wp\/v2\/media?parent=22169"}],"curies":[{"name":"wp","href":"https:\/\/api.w.org\/{rel}","templated":true}]}}