{"id":22165,"date":"2025-08-19T22:46:41","date_gmt":"2025-08-19T20:46:41","guid":{"rendered":"https:\/\/wp.amber.com.pl\/?page_id=22165"},"modified":"2026-03-25T15:57:04","modified_gmt":"2026-03-25T14:57:04","slug":"contact","status":"publish","type":"page","link":"https:\/\/amber.com.pl\/en\/kontakt\/","title":{"rendered":"Contact"},"content":{"rendered":"","protected":false},"excerpt":{"rendered":"","protected":false},"author":1,"featured_media":0,"parent":0,"menu_order":0,"comment_status":"closed","ping_status":"closed","template":"","meta":{"_acf_changed":false,"slim_seo":{"title":"Kontakt - Amber Portal","description":"Write to us Do you have any questions? Get in touch with us. We will respond as soon as possible. Miko\u0142ajczyki Amber Group Rynek G\u0142\u00f3wny 1\/3 31-042 Krak\u00f3w Office info@ambe"},"footnotes":""},"class_list":["post-22165","page","type-page","status-publish","hentry"],"acf":[],"_links":{"self":[{"href":"https:\/\/amber.com.pl\/en\/wp-json\/wp\/v2\/pages\/22165","targetHints":{"allow":["GET"]}}],"collection":[{"href":"https:\/\/amber.com.pl\/en\/wp-json\/wp\/v2\/pages"}],"about":[{"href":"https:\/\/amber.com.pl\/en\/wp-json\/wp\/v2\/types\/page"}],"author":[{"embeddable":true,"href":"https:\/\/amber.com.pl\/en\/wp-json\/wp\/v2\/users\/1"}],"replies":[{"embeddable":true,"href":"https:\/\/amber.com.pl\/en\/wp-json\/wp\/v2\/comments?post=22165"}],"version-history":[{"count":0,"href":"https:\/\/amber.com.pl\/en\/wp-json\/wp\/v2\/pages\/22165\/revisions"}],"wp:attachment":[{"href":"https:\/\/amber.com.pl\/en\/wp-json\/wp\/v2\/media?parent=22165"}],"curies":[{"name":"wp","href":"https:\/\/api.w.org\/{rel}","templated":true}]}}